{"id":227780,"date":"2024-08-09T15:46:58","date_gmt":"2024-08-09T14:46:58","guid":{"rendered":"https:\/\/contente.design\/site\/modelo-ecommerce\/?post_type=product&#038;p=227780"},"modified":"2024-08-17T19:56:12","modified_gmt":"2024-08-17T18:56:12","slug":"vaso-suculenta-wave-green","status":"publish","type":"product","link":"https:\/\/contente.design\/site\/modelo-ecommerce\/loja\/vaso-suculenta-wave-green\/","title":{"rendered":"Vaso Suculenta Wave Green"},"content":{"rendered":"<p><strong>Vaso Suculenta Wave Green<\/strong><\/p>\n<div id=\"mainWrapper\" class=\"main--fullsize\" role=\"main\">\n<div class=\"product-page clearfix\" data-json=\"{&quot;brand&quot;:&quot;R3D&quot;,&quot;name&quot;:&quot;PLA Silk Rainbow One&quot;,&quot;id&quot;:&quot;CB-R3DA101SR&quot;,&quot;category&quot;:&quot;Category-&quot;}\">\n<div class=\"p-details\">\n<details class=\"p-details__item\" open=\"open\">\n<div class=\"p-details__content --wysiwyg\">\n<p>O filamento PLA Silk \u00e9 caracterizado por alta resist\u00eancia e tenacidade, al\u00e9m de ser vers\u00e1til! Com o criativo Rainbow-Filament, podes criar modelos art\u00edsticos e artesanais de cores diferentes que v\u00e3o surpreender a todos!<\/p>\n<p>As cores e as altera\u00e7\u00f5es de cor podem variar consoante a bobina.<\/p>\n<\/div>\n<div class=\"p-details__content --wysiwyg\"><\/div>\n<\/details>\n<details class=\"p-details__item\" open=\"open\" data-fetchurl=\"\/ajax\/catalog_detail_tab?type=inpage&amp;saaiid=1697\">\n<summary class=\"p-details__summary\">Tamanho da bobina de filamento<\/summary>\n<div class=\"p-details__content\">\n<div class=\"p-cms\">\n<div class=\"--wysiwyg\">\n<div class=\"table__wrap\">\n<div class=\"elementor-element elementor-element-60583638 elementor-widget elementor-widget-text-editor\" data-id=\"60583638\" data-element_type=\"widget\" data-widget_type=\"text-editor.default\">\n<div class=\"elementor-widget-container\"><\/div>\n<\/div>\n<\/div>\n<\/div>\n<\/div>\n<\/div>\n<\/details>\n<\/div>\n<\/div>\n<\/div>\n","protected":false},"excerpt":{"rendered":"<div class=\"elementor-element elementor-element-60583638 elementor-widget elementor-widget-text-editor\" data-id=\"60583638\" data-element_type=\"widget\" data-widget_type=\"text-editor.default\">\n<div class=\"elementor-widget-container\">\n<blockquote><p><span class=\"elementor-icon-list-text\">Filamento de seda verde.\u00a0<\/span><\/p><\/blockquote>\n<\/div>\n<\/div>\n<div class=\"elementor-element elementor-element-7b8b4732 elementor-icon-list--layout-traditional elementor-list-item-link-full_width elementor-widget elementor-widget-icon-list\" data-id=\"7b8b4732\" data-element_type=\"widget\" data-widget_type=\"icon-list.default\">\n<div class=\"elementor-widget-container\">\n<h3 class=\"p-summary__heading\">Caracter\u00edsticas &amp; Vantagens<\/h3>\n<ul class=\"p-summary__list\">\n<li>F\u00e1cil de trabalhar<\/li>\n<li>Superf\u00edcie brilhante sedosa<\/li>\n<li>Alta resist\u00eancia e tenacidade<\/li>\n<\/ul>\n<\/div>\n<\/div>\n","protected":false},"featured_media":227778,"comment_status":"open","ping_status":"closed","template":"elementor_header_footer","meta":[],"product_brand":[],"product_cat":[72,39],"product_tag":[],"class_list":{"0":"post-227780","1":"product","2":"type-product","3":"status-publish","4":"has-post-thumbnail","6":"product_cat-decoracao","7":"product_cat-produtos-3d","9":"first","10":"instock","11":"taxable","12":"shipping-taxable","13":"purchasable","14":"product-type-simple"},"_links":{"self":[{"href":"https:\/\/contente.design\/site\/modelo-ecommerce\/wp-json\/wp\/v2\/product\/227780","targetHints":{"allow":["GET"]}}],"collection":[{"href":"https:\/\/contente.design\/site\/modelo-ecommerce\/wp-json\/wp\/v2\/product"}],"about":[{"href":"https:\/\/contente.design\/site\/modelo-ecommerce\/wp-json\/wp\/v2\/types\/product"}],"replies":[{"embeddable":true,"href":"https:\/\/contente.design\/site\/modelo-ecommerce\/wp-json\/wp\/v2\/comments?post=227780"}],"version-history":[{"count":2,"href":"https:\/\/contente.design\/site\/modelo-ecommerce\/wp-json\/wp\/v2\/product\/227780\/revisions"}],"predecessor-version":[{"id":228188,"href":"https:\/\/contente.design\/site\/modelo-ecommerce\/wp-json\/wp\/v2\/product\/227780\/revisions\/228188"}],"wp:featuredmedia":[{"embeddable":true,"href":"https:\/\/contente.design\/site\/modelo-ecommerce\/wp-json\/wp\/v2\/media\/227778"}],"wp:attachment":[{"href":"https:\/\/contente.design\/site\/modelo-ecommerce\/wp-json\/wp\/v2\/media?parent=227780"}],"wp:term":[{"taxonomy":"product_brand","embeddable":true,"href":"https:\/\/contente.design\/site\/modelo-ecommerce\/wp-json\/wp\/v2\/product_brand?post=227780"},{"taxonomy":"product_cat","embeddable":true,"href":"https:\/\/contente.design\/site\/modelo-ecommerce\/wp-json\/wp\/v2\/product_cat?post=227780"},{"taxonomy":"product_tag","embeddable":true,"href":"https:\/\/contente.design\/site\/modelo-ecommerce\/wp-json\/wp\/v2\/product_tag?post=227780"}],"curies":[{"name":"wp","href":"https:\/\/api.w.org\/{rel}","templated":true}]}}