{"id":226986,"date":"2024-07-16T05:57:40","date_gmt":"2024-07-16T04:57:40","guid":{"rendered":"https:\/\/contente.design\/site\/modelo-ecommerce\/?post_type=product&#038;p=226986"},"modified":"2024-08-17T20:36:02","modified_gmt":"2024-08-17T19:36:02","slug":"r3d-pla-silk-rainbow-one-175-mm-1000-g","status":"publish","type":"product","link":"https:\/\/contente.design\/site\/modelo-ecommerce\/loja\/r3d-pla-silk-rainbow-one-175-mm-1000-g\/","title":{"rendered":"R3D PLA Silk Rainbow One, 1,75 mm  1000 g"},"content":{"rendered":"<p>Est\u00e9tico, sedoso, brilhante e f\u00e1cil de trabalhar &#8211; esse \u00e9 o novo <strong>PLA Silk Rainbow da R3D!<\/strong>\u00a0O encantador filamento de efeito de seda d\u00e1 \u00e0s superf\u00edcies de impress\u00e3o um brilho est\u00e9tico que at\u00e9 esconde as camadas nas superf\u00edcies laterais com cores esvoa\u00e7antes!<\/p>\n<div id=\"mainWrapper\" class=\"main--fullsize\" role=\"main\">\n<div class=\"product-page clearfix\" data-json=\"{&quot;brand&quot;:&quot;R3D&quot;,&quot;name&quot;:&quot;PLA Silk Rainbow One&quot;,&quot;id&quot;:&quot;CB-R3DA101SR&quot;,&quot;category&quot;:&quot;Category-&quot;}\">\n<div class=\"p-details\">\n<details class=\"p-details__item\" open=\"\">\n<div class=\"p-details__content --wysiwyg\">\n<p>O filamento PLA Silk \u00e9 caracterizado por alta resist\u00eancia e tenacidade, al\u00e9m de ser vers\u00e1til! Com o criativo Rainbow-Filament, podes criar modelos art\u00edsticos e artesanais de cores diferentes que v\u00e3o surpreender a todos!<\/p>\n<p>As cores e as altera\u00e7\u00f5es de cor podem variar consoante a bobina.<\/p>\n<\/div>\n<div class=\"p-details__content --wysiwyg\"><\/div>\n<\/details>\n<details class=\"p-details__item\" open=\"\" data-fetchurl=\"\/ajax\/catalog_detail_tab?type=inpage&amp;saaiid=1697\">\n<summary class=\"p-details__summary\">Tamanho da bobina de filamento<\/summary>\n<div class=\"p-details__content\">\n<div class=\"p-cms\">\n<div class=\"--wysiwyg\"><\/div>\n<\/div>\n<\/div>\n<\/details>\n<\/div>\n<\/div>\n<\/div>\n","protected":false},"excerpt":{"rendered":"<div class=\"elementor-element elementor-element-60583638 elementor-widget elementor-widget-text-editor\" data-id=\"60583638\" data-element_type=\"widget\" data-widget_type=\"text-editor.default\">\n<div class=\"elementor-widget-container\">\n<blockquote><p><span class=\"elementor-icon-list-text\">Filamento de seda multicolorido.\u00a0<\/span><\/p><\/blockquote>\n<\/div>\n<\/div>\n<div class=\"elementor-element elementor-element-7b8b4732 elementor-icon-list--layout-traditional elementor-list-item-link-full_width elementor-widget elementor-widget-icon-list\" data-id=\"7b8b4732\" data-element_type=\"widget\" data-widget_type=\"icon-list.default\">\n<div class=\"elementor-widget-container\">\n<h3 class=\"p-summary__heading\">Caracter\u00edsticas &amp; Vantagens<\/h3>\n<ul class=\"p-summary__list\">\n<li>F\u00e1cil de trabalhar<\/li>\n<li>Superf\u00edcie brilhante sedosa<\/li>\n<li>Alta resist\u00eancia e tenacidade<\/li>\n<\/ul>\n<\/div>\n<\/div>\n","protected":false},"featured_media":226973,"comment_status":"open","ping_status":"closed","template":"elementor_header_footer","meta":[],"product_brand":[],"product_cat":[75,69,49],"product_tag":[],"class_list":{"0":"post-226986","1":"product","2":"type-product","3":"status-publish","4":"has-post-thumbnail","6":"product_cat-filamentos","7":"product_cat-fios-pla","8":"product_cat-promocoes","10":"first","11":"instock","12":"sale","13":"taxable","14":"shipping-taxable","15":"purchasable","16":"product-type-simple"},"_links":{"self":[{"href":"https:\/\/contente.design\/site\/modelo-ecommerce\/wp-json\/wp\/v2\/product\/226986","targetHints":{"allow":["GET"]}}],"collection":[{"href":"https:\/\/contente.design\/site\/modelo-ecommerce\/wp-json\/wp\/v2\/product"}],"about":[{"href":"https:\/\/contente.design\/site\/modelo-ecommerce\/wp-json\/wp\/v2\/types\/product"}],"replies":[{"embeddable":true,"href":"https:\/\/contente.design\/site\/modelo-ecommerce\/wp-json\/wp\/v2\/comments?post=226986"}],"version-history":[{"count":5,"href":"https:\/\/contente.design\/site\/modelo-ecommerce\/wp-json\/wp\/v2\/product\/226986\/revisions"}],"predecessor-version":[{"id":228192,"href":"https:\/\/contente.design\/site\/modelo-ecommerce\/wp-json\/wp\/v2\/product\/226986\/revisions\/228192"}],"wp:featuredmedia":[{"embeddable":true,"href":"https:\/\/contente.design\/site\/modelo-ecommerce\/wp-json\/wp\/v2\/media\/226973"}],"wp:attachment":[{"href":"https:\/\/contente.design\/site\/modelo-ecommerce\/wp-json\/wp\/v2\/media?parent=226986"}],"wp:term":[{"taxonomy":"product_brand","embeddable":true,"href":"https:\/\/contente.design\/site\/modelo-ecommerce\/wp-json\/wp\/v2\/product_brand?post=226986"},{"taxonomy":"product_cat","embeddable":true,"href":"https:\/\/contente.design\/site\/modelo-ecommerce\/wp-json\/wp\/v2\/product_cat?post=226986"},{"taxonomy":"product_tag","embeddable":true,"href":"https:\/\/contente.design\/site\/modelo-ecommerce\/wp-json\/wp\/v2\/product_tag?post=226986"}],"curies":[{"name":"wp","href":"https:\/\/api.w.org\/{rel}","templated":true}]}}