{"id":226982,"date":"2024-07-16T05:55:35","date_gmt":"2024-07-16T04:55:35","guid":{"rendered":"https:\/\/contente.design\/site\/modelo-ecommerce\/?post_type=product&#038;p=226982"},"modified":"2024-08-17T19:56:48","modified_gmt":"2024-08-17T18:56:48","slug":"azurefilm-abs-silk-rainbow-candy-175-mm-1000-g","status":"publish","type":"product","link":"https:\/\/contente.design\/site\/modelo-ecommerce\/loja\/azurefilm-abs-silk-rainbow-candy-175-mm-1000-g\/","title":{"rendered":"AzureFilm ABS Silk Rainbow Candy, 1,75 mm  1000 g"},"content":{"rendered":"<p>&nbsp;<\/p>\n<div id=\"mainWrapper\" class=\"main--fullsize\" role=\"main\">\n<div class=\"product-page clearfix\" data-json=\"{&quot;brand&quot;:&quot;AzureFilm&quot;,&quot;name&quot;:&quot;PLA Silk Rainbow Flame Harmony&quot;,&quot;id&quot;:&quot;AZU-FL171-1644&quot;,&quot;category&quot;:&quot;Category-&quot;}\">\n<div class=\"p-details\">\n<details class=\"p-details__item\" open=\"\">\n<summary class=\"p-details__summary\">Descri\u00e7\u00e3o<\/summary>\n<div class=\"p-details__content --wysiwyg\">\n<p>O\u00a0<strong>PLA Silk da AzureFilm<\/strong>\u00a0\u00e9 um filamento de seda f\u00e1cil de imprimir que produz efeitos de cor extraordin\u00e1rios com um aspeto aveludado e um acabamento brilhante. Com as propriedades habituais do PLA e um \u00f3timo aspeto, o material \u00e9 adequado para imprimir elementos decorativos como vasos, estatuetas, acess\u00f3rios ou eletrodom\u00e9sticos.<\/p>\n<p><strong>PLA Silk Rainbow<\/strong><\/p>\n<p>O\u00a0<strong>PLA Silk Rainbow<\/strong>\u00a0evoca uma vasta gama de padr\u00f5es de cores nos teus modelos impressos em 3D. Com gradientes suaves e transi\u00e7\u00f5es de cores naturais, o material oferece vibra\u00e7\u00e3o est\u00e9tica e d\u00e1 um brilho art\u00edstico com um acabamento sedoso. Para os projetos de impress\u00e3o 3D mais criativos!<\/p>\n<p><strong>Dica:\u00a0<\/strong>as cores mudam a cada 10 metros de filamento.<\/p>\n<\/div>\n<div class=\"p-details__content --wysiwyg\"><\/div>\n<\/details>\n<details class=\"p-details__item\" open=\"\" data-fetchurl=\"\/ajax\/catalog_detail_tab?type=inpage&amp;saaiid=1704\">\n<summary class=\"p-details__summary\">Dimens\u00e3o da bobina de filamento<\/summary>\n<div class=\"p-details__content\">\n<div class=\"p-cms\">\n<div class=\"--wysiwyg\"><\/div>\n<\/div>\n<\/div>\n<\/details>\n<\/div>\n<section id=\"js-faq\" class=\"faqs__wrap product-feedback-wrap clearfix\"><\/section>\n<\/div>\n<\/div>\n<p>&nbsp;<\/p>\n<footer>\n<div class=\"footer__legal\">\n<div class=\"footer__legal--content\">\n<div class=\"footer__legal--rightcol\"><\/div>\n<\/div>\n<\/div>\n<\/footer>\n","protected":false},"excerpt":{"rendered":"<div class=\"elementor-element elementor-element-60583638 elementor-widget elementor-widget-text-editor\" data-id=\"60583638\" data-element_type=\"widget\" data-widget_type=\"text-editor.default\">\n<div class=\"elementor-widget-container\">\n<blockquote><p><span class=\"elementor-icon-list-text\">Material PLA com gradientes de cor e acabamento sedoso.\u00a0<\/span><\/p><\/blockquote>\n<\/div>\n<\/div>\n<div class=\"elementor-element elementor-element-7b8b4732 elementor-icon-list--layout-traditional elementor-list-item-link-full_width elementor-widget elementor-widget-icon-list\" data-id=\"7b8b4732\" data-element_type=\"widget\" data-widget_type=\"icon-list.default\">\n<div class=\"elementor-widget-container\">\n<h3 class=\"p-summary__heading\">Caracter\u00edsticas &amp; Vantagens<\/h3>\n<ul class=\"p-summary__list\">\n<li>Acabamento sedoso<\/li>\n<li>Transi\u00e7\u00f5es de cor naturais<\/li>\n<li>F\u00e1cil de imprimir<\/li>\n<\/ul>\n<\/div>\n<\/div>\n","protected":false},"featured_media":226983,"comment_status":"open","ping_status":"closed","template":"elementor_header_footer","meta":[],"product_brand":[],"product_cat":[75,67],"product_tag":[],"class_list":{"0":"post-226982","1":"product","2":"type-product","3":"status-publish","4":"has-post-thumbnail","6":"product_cat-filamentos","7":"product_cat-fios-abs","9":"first","10":"instock","11":"taxable","12":"shipping-taxable","13":"purchasable","14":"product-type-simple"},"_links":{"self":[{"href":"https:\/\/contente.design\/site\/modelo-ecommerce\/wp-json\/wp\/v2\/product\/226982","targetHints":{"allow":["GET"]}}],"collection":[{"href":"https:\/\/contente.design\/site\/modelo-ecommerce\/wp-json\/wp\/v2\/product"}],"about":[{"href":"https:\/\/contente.design\/site\/modelo-ecommerce\/wp-json\/wp\/v2\/types\/product"}],"replies":[{"embeddable":true,"href":"https:\/\/contente.design\/site\/modelo-ecommerce\/wp-json\/wp\/v2\/comments?post=226982"}],"version-history":[{"count":5,"href":"https:\/\/contente.design\/site\/modelo-ecommerce\/wp-json\/wp\/v2\/product\/226982\/revisions"}],"predecessor-version":[{"id":228193,"href":"https:\/\/contente.design\/site\/modelo-ecommerce\/wp-json\/wp\/v2\/product\/226982\/revisions\/228193"}],"wp:featuredmedia":[{"embeddable":true,"href":"https:\/\/contente.design\/site\/modelo-ecommerce\/wp-json\/wp\/v2\/media\/226983"}],"wp:attachment":[{"href":"https:\/\/contente.design\/site\/modelo-ecommerce\/wp-json\/wp\/v2\/media?parent=226982"}],"wp:term":[{"taxonomy":"product_brand","embeddable":true,"href":"https:\/\/contente.design\/site\/modelo-ecommerce\/wp-json\/wp\/v2\/product_brand?post=226982"},{"taxonomy":"product_cat","embeddable":true,"href":"https:\/\/contente.design\/site\/modelo-ecommerce\/wp-json\/wp\/v2\/product_cat?post=226982"},{"taxonomy":"product_tag","embeddable":true,"href":"https:\/\/contente.design\/site\/modelo-ecommerce\/wp-json\/wp\/v2\/product_tag?post=226982"}],"curies":[{"name":"wp","href":"https:\/\/api.w.org\/{rel}","templated":true}]}}