{"id":223804,"date":"2024-06-14T02:44:23","date_gmt":"2024-06-14T01:44:23","guid":{"rendered":"https:\/\/contente.design\/site\/modelo-ecommerce\/?page_id=223804"},"modified":"2024-08-08T15:14:31","modified_gmt":"2024-08-08T14:14:31","slug":"politica-de-privacidade","status":"publish","type":"page","link":"https:\/\/contente.design\/site\/modelo-ecommerce\/politica-de-privacidade\/","title":{"rendered":"Pol\u00edtica de privacidade"},"content":{"rendered":"\t\t<div data-elementor-type=\"wp-page\" data-elementor-id=\"223804\" class=\"elementor elementor-223804\" data-elementor-post-type=\"page\">\n\t\t\t\t\t\t<section class=\"elementor-section elementor-top-section elementor-element elementor-element-75a2270e elementor-section-boxed elementor-section-height-default elementor-section-height-default\" data-id=\"75a2270e\" data-element_type=\"section\" data-e-type=\"section\" data-settings=\"{&quot;background_background&quot;:&quot;classic&quot;}\">\n\t\t\t\t\t\t\t<div class=\"elementor-background-overlay\"><\/div>\n\t\t\t\t\t\t\t<div class=\"elementor-container elementor-column-gap-default\">\n\t\t\t\t\t<div class=\"elementor-column elementor-col-100 elementor-top-column elementor-element elementor-element-155c7485\" data-id=\"155c7485\" data-element_type=\"column\" data-e-type=\"column\">\n\t\t\t<div class=\"elementor-widget-wrap elementor-element-populated\">\n\t\t\t\t\t\t<section class=\"elementor-section elementor-inner-section elementor-element elementor-element-1042014 elementor-section-full_width elementor-section-content-top elementor-reverse-tablet elementor-reverse-mobile elementor-section-height-default elementor-section-height-default\" data-id=\"1042014\" data-element_type=\"section\" data-e-type=\"section\">\n\t\t\t\t\t\t<div class=\"elementor-container elementor-column-gap-default\">\n\t\t\t\t\t<div class=\"elementor-column elementor-col-50 elementor-inner-column elementor-element elementor-element-b210203\" data-id=\"b210203\" data-element_type=\"column\" data-e-type=\"column\">\n\t\t\t<div class=\"elementor-widget-wrap elementor-element-populated\">\n\t\t\t\t\t\t<div class=\"elementor-element elementor-element-bcca243 elementor-widget elementor-widget-spacer\" data-id=\"bcca243\" data-element_type=\"widget\" data-e-type=\"widget\" data-widget_type=\"spacer.default\">\n\t\t\t\t<div class=\"elementor-widget-container\">\n\t\t\t\t\t\t\t<div class=\"elementor-spacer\">\n\t\t\t<div class=\"elementor-spacer-inner\"><\/div>\n\t\t<\/div>\n\t\t\t\t\t\t<\/div>\n\t\t\t\t<\/div>\n\t\t\t\t<div class=\"elementor-element elementor-element-35ac9a7 elementor-widget__width-initial elementor-widget-tablet__width-initial elementor-widget elementor-widget-heading\" data-id=\"35ac9a7\" data-element_type=\"widget\" data-e-type=\"widget\" data-settings=\"{&quot;_animation&quot;:&quot;none&quot;,&quot;_animation_mobile&quot;:&quot;none&quot;}\" cateoria=\"design gr\u00e1fico\" data-widget_type=\"heading.default\">\n\t\t\t\t<div class=\"elementor-widget-container\">\n\t\t\t\t\t<h1 class=\"elementor-heading-title elementor-size-default\">Respeitar a sua <br><font color=\"#EAD11B\">privacidade de dados<\/font> <br>\u00e9 um compromisso \u00e9tico do nosso grupo.<\/h1>\t\t\t\t<\/div>\n\t\t\t\t<\/div>\n\t\t\t\t\t<\/div>\n\t\t<\/div>\n\t\t\t\t<div class=\"elementor-column elementor-col-50 elementor-inner-column elementor-element elementor-element-5523d9b\" data-id=\"5523d9b\" data-element_type=\"column\" data-e-type=\"column\">\n\t\t\t<div class=\"elementor-widget-wrap elementor-element-populated\">\n\t\t\t\t\t\t<div class=\"elementor-element elementor-element-9ebad5f elementor-widget elementor-widget-image\" data-id=\"9ebad5f\" data-element_type=\"widget\" data-e-type=\"widget\" data-widget_type=\"image.default\">\n\t\t\t\t<div class=\"elementor-widget-container\">\n\t\t\t\t\t\t\t\t\t\t\t\t\t\t\t<img fetchpriority=\"high\" decoding=\"async\" width=\"290\" height=\"300\" src=\"https:\/\/i0.wp.com\/contente.design\/site\/modelo-ecommerce\/wp-content\/uploads\/2024\/06\/Politicas-de-privacidade-beautyvision-designer.png?fit=290%2C300&amp;ssl=1\" class=\"attachment-large size-large wp-image-225815\" alt=\"\" \/>\t\t\t\t\t\t\t\t\t\t\t\t\t\t\t<\/div>\n\t\t\t\t<\/div>\n\t\t\t\t\t<\/div>\n\t\t<\/div>\n\t\t\t\t\t<\/div>\n\t\t<\/section>\n\t\t\t\t<div class=\"elementor-element elementor-element-7257689d elementor-widget-divider--view-line elementor-widget elementor-widget-divider\" data-id=\"7257689d\" data-element_type=\"widget\" data-e-type=\"widget\" data-widget_type=\"divider.default\">\n\t\t\t\t<div class=\"elementor-widget-container\">\n\t\t\t\t\t\t\t<div class=\"elementor-divider\">\n\t\t\t<span class=\"elementor-divider-separator\">\n\t\t\t\t\t\t<\/span>\n\t\t<\/div>\n\t\t\t\t\t\t<\/div>\n\t\t\t\t<\/div>\n\t\t\t\t\t<\/div>\n\t\t<\/div>\n\t\t\t\t\t<\/div>\n\t\t<\/section>\n\t\t\t\t<section class=\"elementor-section elementor-top-section elementor-element elementor-element-748fa2d elementor-section-boxed elementor-section-height-default elementor-section-height-default\" data-id=\"748fa2d\" data-element_type=\"section\" data-e-type=\"section\">\n\t\t\t\t\t\t<div class=\"elementor-container elementor-column-gap-default\">\n\t\t\t\t\t<div class=\"elementor-column elementor-col-100 elementor-top-column elementor-element elementor-element-78d2df2e\" data-id=\"78d2df2e\" data-element_type=\"column\" data-e-type=\"column\">\n\t\t\t<div class=\"elementor-widget-wrap elementor-element-populated\">\n\t\t\t\t\t\t<section class=\"elementor-section elementor-inner-section elementor-element elementor-element-6f7ca671 elementor-section-full_width elementor-section-content-bottom elementor-section-height-default elementor-section-height-default\" data-id=\"6f7ca671\" data-element_type=\"section\" data-e-type=\"section\">\n\t\t\t\t\t\t<div class=\"elementor-container elementor-column-gap-no\">\n\t\t\t\t\t<div class=\"elementor-column elementor-col-50 elementor-inner-column elementor-element elementor-element-12301e84\" data-id=\"12301e84\" data-element_type=\"column\" data-e-type=\"column\">\n\t\t\t<div class=\"elementor-widget-wrap elementor-element-populated\">\n\t\t\t\t\t\t<div class=\"elementor-element elementor-element-57ccca65 elementor-widget elementor-widget-image\" data-id=\"57ccca65\" data-element_type=\"widget\" data-e-type=\"widget\" data-widget_type=\"image.default\">\n\t\t\t\t<div class=\"elementor-widget-container\">\n\t\t\t\t\t\t\t\t\t\t\t\t\t\t\t<img decoding=\"async\" width=\"512\" height=\"512\" src=\"https:\/\/i0.wp.com\/contente.design\/site\/modelo-ecommerce\/wp-content\/uploads\/2024\/06\/politica-de-privacidade.png?fit=512%2C512&amp;ssl=1\" class=\"attachment-full size-full wp-image-225853\" alt=\"\" srcset=\"https:\/\/i0.wp.com\/contente.design\/site\/modelo-ecommerce\/wp-content\/uploads\/2024\/06\/politica-de-privacidade.png?w=512&amp;ssl=1 512w, https:\/\/i0.wp.com\/contente.design\/site\/modelo-ecommerce\/wp-content\/uploads\/2024\/06\/politica-de-privacidade.png?resize=300%2C300&amp;ssl=1 300w, https:\/\/i0.wp.com\/contente.design\/site\/modelo-ecommerce\/wp-content\/uploads\/2024\/06\/politica-de-privacidade.png?resize=150%2C150&amp;ssl=1 150w, https:\/\/i0.wp.com\/contente.design\/site\/modelo-ecommerce\/wp-content\/uploads\/2024\/06\/politica-de-privacidade.png?resize=100%2C100&amp;ssl=1 100w\" sizes=\"(max-width: 512px) 100vw, 512px\" \/>\t\t\t\t\t\t\t\t\t\t\t\t\t\t\t<\/div>\n\t\t\t\t<\/div>\n\t\t\t\t\t<\/div>\n\t\t<\/div>\n\t\t\t\t<div class=\"elementor-column elementor-col-50 elementor-inner-column elementor-element elementor-element-5bcef8d2\" data-id=\"5bcef8d2\" data-element_type=\"column\" data-e-type=\"column\">\n\t\t\t<div class=\"elementor-widget-wrap elementor-element-populated\">\n\t\t\t\t\t\t<div class=\"elementor-element elementor-element-4bf6a562 elementor-widget elementor-widget-heading\" data-id=\"4bf6a562\" data-element_type=\"widget\" data-e-type=\"widget\" data-widget_type=\"heading.default\">\n\t\t\t\t<div class=\"elementor-widget-container\">\n\t\t\t\t\t<h3 class=\"elementor-heading-title elementor-size-default\">Pol\u00edtica de Privacidade<\/h3>\t\t\t\t<\/div>\n\t\t\t\t<\/div>\n\t\t\t\t\t<\/div>\n\t\t<\/div>\n\t\t\t\t\t<\/div>\n\t\t<\/section>\n\t\t\t\t<div class=\"elementor-element elementor-element-39cf2dc8 elementor-widget-divider--view-line elementor-widget elementor-widget-divider\" data-id=\"39cf2dc8\" data-element_type=\"widget\" data-e-type=\"widget\" data-widget_type=\"divider.default\">\n\t\t\t\t<div class=\"elementor-widget-container\">\n\t\t\t\t\t\t\t<div class=\"elementor-divider\">\n\t\t\t<span class=\"elementor-divider-separator\">\n\t\t\t\t\t\t<\/span>\n\t\t<\/div>\n\t\t\t\t\t\t<\/div>\n\t\t\t\t<\/div>\n\t\t\t\t<div class=\"elementor-element elementor-element-19dc632b elementor-widget elementor-widget-text-editor\" data-id=\"19dc632b\" data-element_type=\"widget\" data-e-type=\"widget\" data-settings=\"{&quot;_animation&quot;:&quot;none&quot;}\" data-widget_type=\"text-editor.default\">\n\t\t\t\t<div class=\"elementor-widget-container\">\n\t\t\t\t\t\t\t\t\t<p><b>Atualizada em: <\/b><span style=\"font-weight: 400;\">8 de Agosto de 2024 <\/span><span style=\"font-weight: 400;\"><strong>Data de vig\u00eancia:<\/strong> 26 de abril de 2025<\/span><\/p>\t\t\t\t\t\t\t\t<\/div>\n\t\t\t\t<\/div>\n\t\t\t\t\t<\/div>\n\t\t<\/div>\n\t\t\t\t\t<\/div>\n\t\t<\/section>\n\t\t\t\t<section class=\"elementor-section elementor-top-section elementor-element elementor-element-785708c3 elementor-section-boxed elementor-section-height-default elementor-section-height-default\" data-id=\"785708c3\" data-element_type=\"section\" data-e-type=\"section\">\n\t\t\t\t\t\t<div class=\"elementor-container elementor-column-gap-default\">\n\t\t\t\t\t<div class=\"elementor-column elementor-col-100 elementor-top-column elementor-element elementor-element-370c1f5\" data-id=\"370c1f5\" data-element_type=\"column\" data-e-type=\"column\">\n\t\t\t<div class=\"elementor-widget-wrap elementor-element-populated\">\n\t\t\t\t\t\t<div class=\"elementor-element elementor-element-2bee96a5 elementor-widget elementor-widget-text-editor\" data-id=\"2bee96a5\" data-element_type=\"widget\" data-e-type=\"widget\" data-widget_type=\"text-editor.default\">\n\t\t\t\t<div class=\"elementor-widget-container\">\n\t\t\t\t\t\t\t\t\t<h4>1. Introdu\u00e7\u00e3o<\/h4><p>A sua privacidade \u00e9 importante para n\u00f3s. Esta Pol\u00edtica de Privacidade descreve como coletamos, usamos, divulgamos e protegemos suas informa\u00e7\u00f5es quando voc\u00ea visita nosso site <a href=\"http:\/\/www.lebeis3d.com\" target=\"_blank\" rel=\"noopener noreferrer\">www.lebeis3d.com<\/a>. Ao usar nosso site, voc\u00ea concorda com a coleta e uso de informa\u00e7\u00f5es de acordo com esta pol\u00edtica.<\/p><h4>2. Informa\u00e7\u00f5es que Coletamos<\/h4><p><strong>2.1. Informa\u00e7\u00f5es Pessoais<\/strong> <br \/>Podemos coletar informa\u00e7\u00f5es pessoais identific\u00e1veis que voc\u00ea nos fornece voluntariamente quando utiliza nosso site, como:<\/p><ul><li><span style=\"background-color: transparent; font-weight: var( --e-global-typography-text-font-weight );\">Nome<\/span><\/li><li>Endere\u00e7o de e-mail<\/li><li>N\u00famero de telefone<\/li><li>Informa\u00e7\u00f5es de pagamento (quando aplic\u00e1vel)<\/li><li>Outras informa\u00e7\u00f5es relevantes para atendimento ao cliente<\/li><\/ul><p><strong>2.2. Informa\u00e7\u00f5es N\u00e3o Pessoais<\/strong> <br \/>Podemos coletar informa\u00e7\u00f5es n\u00e3o pessoais sobre os visitantes do nosso site, como:<\/p><ul><li>Endere\u00e7o IP<\/li><li>Tipo de navegador<\/li><li>Sistema operacional<\/li><li>P\u00e1ginas visitadas e tempo de visita<\/li><li>Data e hora das visitas<\/li><\/ul><h4>3. Uso das Informa\u00e7\u00f5es<\/h4><p>Utilizamos as informa\u00e7\u00f5es coletadas para diversos fins, incluindo:<\/p><ul><li>Fornecer, operar e manter nosso site<\/li><li>Melhorar, personalizar e expandir nosso site<\/li><li>Entender e analisar como voc\u00ea usa nosso site<\/li><li>Desenvolver novos produtos, servi\u00e7os, funcionalidades e funcionalidades<\/li><li>Comunicar-se com voc\u00ea, seja diretamente ou atrav\u00e9s de um de nossos parceiros, inclusive para atendimento ao cliente, fornecer atualiza\u00e7\u00f5es e outras informa\u00e7\u00f5es relacionadas ao site, e para fins de marketing e promocionais<\/li><li>Processar suas transa\u00e7\u00f5es e gerenciar suas solicita\u00e7\u00f5es<\/li><li>Enviar e-mails peri\u00f3dicos<\/li><li>Prevenir fraudes e proteger a seguran\u00e7a do nosso site<\/li><\/ul><h4>4. Compartilhamento de Informa\u00e7\u00f5es<\/h4><p>N\u00e3o vendemos, trocamos ou alugamos suas informa\u00e7\u00f5es pessoais a terceiros. Podemos compartilhar informa\u00e7\u00f5es pessoais com terceiros apenas nas seguintes situa\u00e7\u00f5es:<\/p><ul><li>Com provedores de servi\u00e7os confi\u00e1veis que nos auxiliam na opera\u00e7\u00e3o do site, conduzindo nossos neg\u00f3cios ou servindo nossos usu\u00e1rios, desde que esses terceiros concordem em manter essas informa\u00e7\u00f5es confidenciais.<\/li><li>Quando exigido por lei, para responder a processos judiciais, para proteger nossos direitos, privacidade, seguran\u00e7a ou propriedade, ou para cumprir com uma solicita\u00e7\u00e3o governamental.<\/li><li>No caso de uma fus\u00e3o, aquisi\u00e7\u00e3o ou venda de ativos, suas informa\u00e7\u00f5es podem ser transferidas. Notificaremos antes que suas informa\u00e7\u00f5es sejam transferidas e sujeitas a uma pol\u00edtica de privacidade diferente.<\/li><\/ul><h4>5. Prote\u00e7\u00e3o das Informa\u00e7\u00f5es<\/h4><p>Implementamos medidas de seguran\u00e7a adequadas para proteger suas informa\u00e7\u00f5es pessoais contra acesso n\u00e3o autorizado, altera\u00e7\u00e3o, divulga\u00e7\u00e3o ou destrui\u00e7\u00e3o. No entanto, nenhuma transmiss\u00e3o de dados pela internet ou m\u00e9todo de armazenamento eletr\u00f4nico \u00e9 100% seguro. Portanto, n\u00e3o podemos garantir seguran\u00e7a absoluta.<\/p><h4>6. Cookies e Tecnologias Semelhantes<\/h4><p>Utilizamos cookies e tecnologias semelhantes para melhorar a sua experi\u00eancia no nosso site. Para mais detalhes sobre como usamos cookies, consulte nossa <a href=\"https:\/\/contente.design\/site\/modelo-ecommerce\/politicas-de-cookies\" rel=\"noreferrer\">Pol\u00edtica de Cookies<\/a>.<\/p><h4>7. Seus Direitos de Privacidade<\/h4><p>Dependendo de onde voc\u00ea reside, voc\u00ea pode ter certos direitos de privacidade sob leis locais de prote\u00e7\u00e3o de dados. Esses direitos podem incluir:<\/p><ul><li>O direito de acessar, corrigir ou excluir suas informa\u00e7\u00f5es pessoais<\/li><li>O direito de restringir ou objetar ao processamento de suas informa\u00e7\u00f5es pessoais<\/li><li>O direito \u00e0 portabilidade dos dados<\/li><li>O direito de retirar o consentimento a qualquer momento (quando aplic\u00e1vel)<\/li><\/ul><p>Para exercer qualquer um desses direitos, entre em contato conosco atrav\u00e9s das informa\u00e7\u00f5es fornecidas no rodap\u00e9 do nosso site.<\/p><h4>8. Altera\u00e7\u00f5es a Esta Pol\u00edtica de Privacidade<\/h4><p>Podemos atualizar nossa Pol\u00edtica de Privacidade periodicamente. Notificaremos voc\u00ea sobre quaisquer altera\u00e7\u00f5es publicando a nova pol\u00edtica nesta p\u00e1gina. Recomendamos que voc\u00ea revise esta pol\u00edtica periodicamente para se manter informado sobre como estamos protegendo suas informa\u00e7\u00f5es.<\/p><h4>9. Contato<\/h4><p>Se voc\u00ea tiver qualquer d\u00favida ou preocupa\u00e7\u00e3o sobre esta Pol\u00edtica de Privacidade, entre em contato connosco atrav\u00e9s das informa\u00e7\u00f5es fornecidas no rodap\u00e9 do nosso site, <a href=\"http:\/\/www.lebeis3d.com\" target=\"_blank\" rel=\"noopener noreferrer\">www.lebeis3d.com<\/a>.<\/p>\t\t\t\t\t\t\t\t<\/div>\n\t\t\t\t<\/div>\n\t\t\t\t<div class=\"elementor-element elementor-element-a314a90 elementor-widget elementor-widget-text-editor\" data-id=\"a314a90\" data-element_type=\"widget\" data-e-type=\"widget\" data-settings=\"{&quot;_animation&quot;:&quot;none&quot;}\" data-widget_type=\"text-editor.default\">\n\t\t\t\t<div class=\"elementor-widget-container\">\n\t\t\t\t\t\t\t\t\t<p><b>Atualizada em: <\/b><span style=\"font-weight: 400;\">8 de Agosto de 2024 <\/span><span style=\"font-weight: 400;\"><strong>Data de vig\u00eancia:<\/strong> 26 de abril de 2025<\/span><\/p>\t\t\t\t\t\t\t\t<\/div>\n\t\t\t\t<\/div>\n\t\t\t\t\t<\/div>\n\t\t<\/div>\n\t\t\t\t\t<\/div>\n\t\t<\/section>\n\t\t<div class=\"elementor-element elementor-element-8ed7769 e-flex e-con-boxed e-con e-parent\" data-id=\"8ed7769\" data-element_type=\"container\" data-e-type=\"container\">\n\t\t\t\t\t<div class=\"e-con-inner\">\n\t\t\t\t<div class=\"elementor-element elementor-element-c6759e1 elementor-widget elementor-widget-site-logo\" data-id=\"c6759e1\" data-element_type=\"widget\" data-e-type=\"widget\" data-settings=\"{&quot;space&quot;:{&quot;unit&quot;:&quot;%&quot;,&quot;size&quot;:67,&quot;sizes&quot;:[]},&quot;caption_space&quot;:{&quot;unit&quot;:&quot;px&quot;,&quot;size&quot;:&quot;&quot;,&quot;sizes&quot;:[]},&quot;width&quot;:{&quot;unit&quot;:&quot;%&quot;,&quot;size&quot;:&quot;&quot;,&quot;sizes&quot;:[]},&quot;width_tablet&quot;:{&quot;unit&quot;:&quot;%&quot;,&quot;size&quot;:&quot;&quot;,&quot;sizes&quot;:[]},&quot;width_mobile&quot;:{&quot;unit&quot;:&quot;%&quot;,&quot;size&quot;:&quot;&quot;,&quot;sizes&quot;:[]},&quot;space_tablet&quot;:{&quot;unit&quot;:&quot;%&quot;,&quot;size&quot;:&quot;&quot;,&quot;sizes&quot;:[]},&quot;space_mobile&quot;:{&quot;unit&quot;:&quot;%&quot;,&quot;size&quot;:&quot;&quot;,&quot;sizes&quot;:[]},&quot;image_border_radius&quot;:{&quot;unit&quot;:&quot;px&quot;,&quot;top&quot;:&quot;&quot;,&quot;right&quot;:&quot;&quot;,&quot;bottom&quot;:&quot;&quot;,&quot;left&quot;:&quot;&quot;,&quot;isLinked&quot;:true},&quot;image_border_radius_tablet&quot;:{&quot;unit&quot;:&quot;px&quot;,&quot;top&quot;:&quot;&quot;,&quot;right&quot;:&quot;&quot;,&quot;bottom&quot;:&quot;&quot;,&quot;left&quot;:&quot;&quot;,&quot;isLinked&quot;:true},&quot;image_border_radius_mobile&quot;:{&quot;unit&quot;:&quot;px&quot;,&quot;top&quot;:&quot;&quot;,&quot;right&quot;:&quot;&quot;,&quot;bottom&quot;:&quot;&quot;,&quot;left&quot;:&quot;&quot;,&quot;isLinked&quot;:true},&quot;caption_padding&quot;:{&quot;unit&quot;:&quot;px&quot;,&quot;top&quot;:&quot;&quot;,&quot;right&quot;:&quot;&quot;,&quot;bottom&quot;:&quot;&quot;,&quot;left&quot;:&quot;&quot;,&quot;isLinked&quot;:true},&quot;caption_padding_tablet&quot;:{&quot;unit&quot;:&quot;px&quot;,&quot;top&quot;:&quot;&quot;,&quot;right&quot;:&quot;&quot;,&quot;bottom&quot;:&quot;&quot;,&quot;left&quot;:&quot;&quot;,&quot;isLinked&quot;:true},&quot;caption_padding_mobile&quot;:{&quot;unit&quot;:&quot;px&quot;,&quot;top&quot;:&quot;&quot;,&quot;right&quot;:&quot;&quot;,&quot;bottom&quot;:&quot;&quot;,&quot;left&quot;:&quot;&quot;,&quot;isLinked&quot;:true},&quot;caption_space_tablet&quot;:{&quot;unit&quot;:&quot;px&quot;,&quot;size&quot;:&quot;&quot;,&quot;sizes&quot;:[]},&quot;caption_space_mobile&quot;:{&quot;unit&quot;:&quot;px&quot;,&quot;size&quot;:&quot;&quot;,&quot;sizes&quot;:[]}}\" data-widget_type=\"site-logo.default\">\n\t\t\t\t<div class=\"elementor-widget-container\">\n\t\t\t\t\t\t\t<div class=\"hfe-site-logo\">\n\t\t\t\t\t\t<figure class=\"wp-caption\">\n\t\t\t\t\t\t\t\t\t\t\t\t\t<a data-elementor-open-lightbox=\"\"  class='elementor-clickable' href=\"https:\/\/contente.design\/site\/modelo-ecommerce\">\n\t\t\t\t\t\t\t<div class=\"hfe-site-logo-set\">           \n\t\t\t\t<div class=\"hfe-site-logo-container\">\n\t\t\t\t\t\t\t\t\t<img decoding=\"async\" class=\"hfe-site-logo-img elementor-animation-\"  src=\"https:\/\/i0.wp.com\/contente.design\/site\/modelo-ecommerce\/wp-content\/uploads\/2023\/11\/Coletivo-3D-logo.webp?fit=300%2C84&#038;ssl=1\" alt=\"default-logo\"\/>\n\t\t\t\t<\/div>\n\t\t\t<\/div>\n\t\t\t\t\t\t\t<\/a>\n\t\t\t\t\t\t\t\t\t\t\t<\/figure>\n\t\t\t\t<\/div>  \n\t\t\t\t\t\t\t<\/div>\n\t\t\t\t<\/div>\n\t\t\t\t\t<\/div>\n\t\t\t\t<\/div>\n\t\t\t\t<\/div>\n\t\t","protected":false},"excerpt":{"rendered":"<p>Respeitar a sua privacidade de dados \u00e9 um compromisso \u00e9tico do nosso grupo. Pol\u00edtica de Privacidade Atualizada em: 8 de Agosto de 2024 Data de vig\u00eancia: 26 de abril de 2025 1. Introdu\u00e7\u00e3o A sua privacidade \u00e9 importante para n\u00f3s. Esta Pol\u00edtica de Privacidade descreve como coletamos, usamos, divulgamos e protegemos suas informa\u00e7\u00f5es quando voc\u00ea [&hellip;]<\/p>\n","protected":false},"author":1,"featured_media":0,"parent":0,"menu_order":0,"comment_status":"closed","ping_status":"closed","template":"elementor_header_footer","meta":{"footnotes":""},"class_list":["post-223804","page","type-page","status-publish","hentry"],"_links":{"self":[{"href":"https:\/\/contente.design\/site\/modelo-ecommerce\/wp-json\/wp\/v2\/pages\/223804","targetHints":{"allow":["GET"]}}],"collection":[{"href":"https:\/\/contente.design\/site\/modelo-ecommerce\/wp-json\/wp\/v2\/pages"}],"about":[{"href":"https:\/\/contente.design\/site\/modelo-ecommerce\/wp-json\/wp\/v2\/types\/page"}],"author":[{"embeddable":true,"href":"https:\/\/contente.design\/site\/modelo-ecommerce\/wp-json\/wp\/v2\/users\/1"}],"replies":[{"embeddable":true,"href":"https:\/\/contente.design\/site\/modelo-ecommerce\/wp-json\/wp\/v2\/comments?post=223804"}],"version-history":[{"count":37,"href":"https:\/\/contente.design\/site\/modelo-ecommerce\/wp-json\/wp\/v2\/pages\/223804\/revisions"}],"predecessor-version":[{"id":227615,"href":"https:\/\/contente.design\/site\/modelo-ecommerce\/wp-json\/wp\/v2\/pages\/223804\/revisions\/227615"}],"wp:attachment":[{"href":"https:\/\/contente.design\/site\/modelo-ecommerce\/wp-json\/wp\/v2\/media?parent=223804"}],"curies":[{"name":"wp","href":"https:\/\/api.w.org\/{rel}","templated":true}]}}